{"id":949,"date":"2020-01-28T13:10:30","date_gmt":"2020-01-28T12:10:30","guid":{"rendered":"http:\/\/lechaidescopains.com\/?page_id=949"},"modified":"2020-09-07T17:32:07","modified_gmt":"2020-09-07T15:32:07","slug":"club-de-vin","status":"publish","type":"page","link":"https:\/\/lechaidescopains.fr\/index.php\/club-de-vin\/","title":{"rendered":"Club de Vin"},"content":{"rendered":"<p style=\"text-align: center;\">Envie de passer un moment convivial et dans la bonne humeur ? Venez nous rejoindre.<\/p>\n<p style=\"text-align: center;\"><strong>Le club \u0152nophile Montois se r\u00e9unit les 2 \u00e8me mardi de chaque mois.<\/strong><\/p>\n<p>\u00a0<\/p>\n<p style=\"text-align: center;\"><img decoding=\"async\" loading=\"lazy\" class=\"alignnone size-medium wp-image-919\" src=\"http:\/\/lechaidescopains.com\/wp-content\/uploads\/2019\/07\/scott-warman-h4AGlo55tTA-unsplash-300x200.jpg\" alt=\"Bouteilles\" width=\"300\" height=\"200\" srcset=\"https:\/\/lechaidescopains.fr\/wp-content\/uploads\/2019\/07\/scott-warman-h4AGlo55tTA-unsplash-300x200.jpg 300w, https:\/\/lechaidescopains.fr\/wp-content\/uploads\/2019\/07\/scott-warman-h4AGlo55tTA-unsplash-768x512.jpg 768w, https:\/\/lechaidescopains.fr\/wp-content\/uploads\/2019\/07\/scott-warman-h4AGlo55tTA-unsplash-1024x683.jpg 1024w, https:\/\/lechaidescopains.fr\/wp-content\/uploads\/2019\/07\/scott-warman-h4AGlo55tTA-unsplash-405x270.jpg 405w\" sizes=\"(max-width: 300px) 100vw, 300px\" \/><\/p>\n<h2 style=\"text-align: center;\"><span style=\"color: #800000;\">Programme des derni\u00e8res d\u00e9gustations<\/span><\/h2>\n<p>\u00a0<\/p>\n<p style=\"text-align: center;\">A venir :<\/p>\n<p style=\"text-align: center;\">Mardi 15 Septembre 2020 : Porto<\/p>\n<p style=\"text-align: center;\">F\u00e9vrier 2020 : Les p\u00e9tillants du monde<\/p>\n<p style=\"text-align: center;\">Janvier 2020 : Les Pommard de Chantal Lescure<\/p>\n<p style=\"text-align: center;\">D\u00e9cembre 2019\u00a0: Cap \u00e0 L\u2019est avec Le riesling<\/p>\n<p style=\"text-align: center;\">Novembre 2019\u00a0: Les 10 Crus du Beaujolais<\/p>\n<p style=\"text-align: center;\">Octobre 2019\u00a0: A l\u2019aveugle Chardonnay ou Chenin<\/p>\n<p style=\"text-align: center;\">Juin 2019\u00a0: Mini verticale Domaine de la P\u00e9pi\u00e8re et Mas Jullien<\/p>\n<p style=\"text-align: center;\">Mai 2019\u00a0: Les Vins du Domaine Prieur\u00e9 La Chaume ( Vend\u00e9e)<\/p>\n<p style=\"text-align: center;\">Avril 2019\u00a0: Les vins du M\u00e2connais<\/p>\n<p>\u00a0<\/p>\n<p style=\"text-align: center;\">Pour plus d&rsquo;informations contactez <a href=\"http:\/\/lechaidescopains.com\/index.php\/le-copain\/\">Philippe<\/a> au 06.16.48.43.30 ou envoyez un mail :<\/p>\n\n\n<div class=\"wpforms-container wpforms-container-full\" id=\"wpforms-866\"><form id=\"wpforms-form-866\" class=\"wpforms-validate wpforms-form\" data-formid=\"866\" method=\"post\" enctype=\"multipart\/form-data\" action=\"\/index.php\/wp-json\/wp\/v2\/pages\/949\" data-token=\"c6bd02855bdbb4e5baeaa9d4bee87834\" data-token-time=\"1775543736\"><noscript class=\"wpforms-error-noscript\">Veuillez activer JavaScript dans votre navigateur pour remplir ce formulaire.<\/noscript><div class=\"wpforms-field-container\"><div id=\"wpforms-866-field_0-container\" class=\"wpforms-field wpforms-field-name\" data-field-id=\"0\"><label class=\"wpforms-field-label\">Nom <span class=\"wpforms-required-label\">*<\/span><\/label><div class=\"wpforms-field-row wpforms-field-medium\"><div class=\"wpforms-field-row-block wpforms-first wpforms-one-half\"><input type=\"text\" id=\"wpforms-866-field_0\" class=\"wpforms-field-name-first wpforms-field-required\" name=\"wpforms[fields][0][first]\" required><label for=\"wpforms-866-field_0\" class=\"wpforms-field-sublabel after\">Pr\u00e9nom<\/label><\/div><div class=\"wpforms-field-row-block wpforms-one-half\"><input type=\"text\" id=\"wpforms-866-field_0-last\" class=\"wpforms-field-name-last wpforms-field-required\" name=\"wpforms[fields][0][last]\" required><label for=\"wpforms-866-field_0-last\" class=\"wpforms-field-sublabel after\">Nom<\/label><\/div><\/div><\/div><div id=\"wpforms-866-field_1-container\" class=\"wpforms-field wpforms-field-email\" data-field-id=\"1\"><label class=\"wpforms-field-label\" for=\"wpforms-866-field_1\">E-mail <span class=\"wpforms-required-label\">*<\/span><\/label><input type=\"email\" id=\"wpforms-866-field_1\" class=\"wpforms-field-medium wpforms-field-required\" name=\"wpforms[fields][1]\" spellcheck=\"false\" required><\/div><div id=\"wpforms-866-field_2-container\" class=\"wpforms-field wpforms-field-textarea\" data-field-id=\"2\"><label class=\"wpforms-field-label\" for=\"wpforms-866-field_2\">Commentaire ou message <span class=\"wpforms-required-label\">*<\/span><\/label><textarea id=\"wpforms-866-field_2\" class=\"wpforms-field-medium wpforms-field-required\" name=\"wpforms[fields][2]\" required><\/textarea><\/div><\/div><!-- .wpforms-field-container --><div class=\"wpforms-field wpforms-field-hp\"><label for=\"wpforms-866-field-hp\" class=\"wpforms-field-label\">Message<\/label><input type=\"text\" name=\"wpforms[hp]\" id=\"wpforms-866-field-hp\" class=\"wpforms-field-medium\"><\/div><div class=\"wpforms-submit-container\" ><input type=\"hidden\" name=\"wpforms[id]\" value=\"866\"><input type=\"hidden\" name=\"page_title\" value=\"\"><input type=\"hidden\" name=\"page_url\" value=\"https:\/\/lechaidescopains.fr\/index.php\/wp-json\/wp\/v2\/pages\/949\"><input type=\"hidden\" name=\"url_referer\" value=\"\"><button type=\"submit\" name=\"wpforms[submit]\" id=\"wpforms-submit-866\" class=\"wpforms-submit\" data-alt-text=\"Envoi...\" data-submit-text=\"Envoyer\" aria-live=\"assertive\" value=\"wpforms-submit\">Envoyer<\/button><\/div><\/form><\/div>  <!-- .wpforms-container -->\n\n\n\n<p><\/p>\n","protected":false},"excerpt":{"rendered":"<p>Envie de passer un moment convivial et dans la bonne humeur ? Venez nous rejoindre. Le club \u0152nophile Montois se r\u00e9unit les 2 \u00e8me mardi de chaque mois. \u00a0 Programme des derni\u00e8res d\u00e9gustations \u00a0 A venir : Mardi 15 Septembre 2020 : Porto F\u00e9vrier 2020 : Les p\u00e9tillants du monde Janvier 2020 : Les Pommard de Chantal Lescure D\u00e9cembre 2019\u00a0: Cap \u00e0 L\u2019est avec Le riesling Novembre 2019\u00a0: Les 10 Crus du Beaujolais Octobre 2019\u00a0: A l\u2019aveugle Chardonnay ou Chenin&#8230;<\/p>\n<p class=\"read-more\"><a class=\"btn btn-default\" href=\"https:\/\/lechaidescopains.fr\/index.php\/club-de-vin\/\">Lire la suite<span class=\"screen-reader-text\"> Lire la suite<\/span><\/a><\/p>\n","protected":false},"author":1,"featured_media":0,"parent":0,"menu_order":0,"comment_status":"closed","ping_status":"closed","template":"","meta":{"footnotes":""},"_links":{"self":[{"href":"https:\/\/lechaidescopains.fr\/index.php\/wp-json\/wp\/v2\/pages\/949"}],"collection":[{"href":"https:\/\/lechaidescopains.fr\/index.php\/wp-json\/wp\/v2\/pages"}],"about":[{"href":"https:\/\/lechaidescopains.fr\/index.php\/wp-json\/wp\/v2\/types\/page"}],"author":[{"embeddable":true,"href":"https:\/\/lechaidescopains.fr\/index.php\/wp-json\/wp\/v2\/users\/1"}],"replies":[{"embeddable":true,"href":"https:\/\/lechaidescopains.fr\/index.php\/wp-json\/wp\/v2\/comments?post=949"}],"version-history":[{"count":13,"href":"https:\/\/lechaidescopains.fr\/index.php\/wp-json\/wp\/v2\/pages\/949\/revisions"}],"predecessor-version":[{"id":1030,"href":"https:\/\/lechaidescopains.fr\/index.php\/wp-json\/wp\/v2\/pages\/949\/revisions\/1030"}],"wp:attachment":[{"href":"https:\/\/lechaidescopains.fr\/index.php\/wp-json\/wp\/v2\/media?parent=949"}],"curies":[{"name":"wp","href":"https:\/\/api.w.org\/{rel}","templated":true}]}}