{"id":630,"date":"2016-05-12T17:26:42","date_gmt":"2016-05-12T16:26:42","guid":{"rendered":"http:\/\/chaidescopains.com\/?page_id=33"},"modified":"2023-09-26T11:14:56","modified_gmt":"2023-09-26T09:14:56","slug":"le-chai","status":"publish","type":"page","link":"https:\/\/lechaidescopains.fr\/","title":{"rendered":"Le Chai"},"content":{"rendered":"\n<h1 class=\"wp-block-heading\">Le Chai des Copains<\/h1>\n\n\n\n<p>Depuis 8 ans, au quartier des demoiselles, le Chai des Copains vous accueille pour le plus grand plaisir de vos papilles.<\/p>\n\n\n\n<p>Philippe le ma\u00eetre de ce lieu intimiste a su cr\u00e9er une ambiance conviviale et chaleureuse. <\/p>\n\n\n\n<p>Venez d\u00e9couvrir la s\u00e9lection de vignerons qu\u2019il a choisi. En grand passionn\u00e9, il a \u00e0 c\u0153ur de vous la faire partager. Pour les gourmands et les curieux vous pourrez boire un verre de vin accompagn\u00e9 d\u2019une planche de charcuterie ou de fromage. <\/p>\n\n\n\n<p>Retrouvez aussi le Chai des Copains sur le march\u00e9 Jean Yole le matin de 9h00 \u00e0 13h00.<\/p>\n\n\n\n<h2 class=\"wp-block-heading\">Venir au Chai<\/h2>\n\n\n\n<iframe loading=\"lazy\" src=\"https:\/\/www.google.com\/maps\/embed?pb=!1m14!1m8!1m3!1d10929.504130126206!2d-2.0551112!3d46.7771943!3m2!1i1024!2i768!4f13.1!3m3!1m2!1s0x0%3A0xa84db3cbeda4be93!2sLe+Chai+Des+Copains!5e0!3m2!1sfr!2sfr!4v1564394102484!5m2!1sfr!2sfr\" width=\"600\" height=\"450\" frameborder=\"0\" style=\"border:0\" allowfullscreen=\"\"><\/iframe>\n\n\n\n<h2 class=\"wp-block-heading\">Ils parlent du Chai<\/h2>\n\n\n\n<figure class=\"wp-block-image size-large is-style-default\"><img decoding=\"async\" loading=\"lazy\" width=\"1024\" height=\"644\" src=\"http:\/\/lechaidescopains.com\/wp-content\/uploads\/2020\/11\/photo_2020-11-26_12-17-37-1024x644.jpg\" alt=\"\" class=\"wp-image-1034\" srcset=\"https:\/\/lechaidescopains.fr\/wp-content\/uploads\/2020\/11\/photo_2020-11-26_12-17-37-1024x644.jpg 1024w, https:\/\/lechaidescopains.fr\/wp-content\/uploads\/2020\/11\/photo_2020-11-26_12-17-37-300x189.jpg 300w, https:\/\/lechaidescopains.fr\/wp-content\/uploads\/2020\/11\/photo_2020-11-26_12-17-37-768x483.jpg 768w, https:\/\/lechaidescopains.fr\/wp-content\/uploads\/2020\/11\/photo_2020-11-26_12-17-37-429x270.jpg 429w, https:\/\/lechaidescopains.fr\/wp-content\/uploads\/2020\/11\/photo_2020-11-26_12-17-37.jpg 1280w\" sizes=\"(max-width: 1024px) 100vw, 1024px\" \/><\/figure>\n\n\n\n<h2 class=\"wp-block-heading\">Michel Tolmer<\/h2>\n\n\n\n<p>En visite surprise cette saison, <a href=\"https:\/\/www.glougueule.fr\/\" target=\"_blank\" rel=\"noreferrer noopener\">Michel Tolmer<\/a> qui nous a laiss\u00e9 cette d\u00e9dicace :<\/p>\n\n\n\n<figure class=\"wp-block-image size-large\"><img decoding=\"async\" loading=\"lazy\" width=\"1024\" height=\"768\" src=\"http:\/\/lechaidescopains.com\/wp-content\/uploads\/2020\/09\/tolmer-1024x768.jpg\" alt=\"\" class=\"wp-image-1016\" srcset=\"https:\/\/lechaidescopains.fr\/wp-content\/uploads\/2020\/09\/tolmer-1024x768.jpg 1024w, https:\/\/lechaidescopains.fr\/wp-content\/uploads\/2020\/09\/tolmer-300x225.jpg 300w, https:\/\/lechaidescopains.fr\/wp-content\/uploads\/2020\/09\/tolmer-768x576.jpg 768w, https:\/\/lechaidescopains.fr\/wp-content\/uploads\/2020\/09\/tolmer-1536x1152.jpg 1536w, https:\/\/lechaidescopains.fr\/wp-content\/uploads\/2020\/09\/tolmer-2048x1536.jpg 2048w, https:\/\/lechaidescopains.fr\/wp-content\/uploads\/2020\/09\/tolmer-360x270.jpg 360w\" sizes=\"(max-width: 1024px) 100vw, 1024px\" \/><\/figure>\n\n\n\n<h2 class=\"wp-block-heading\">Ils parlent du Chai<\/h2>\n\n\n<div class=\"wp-block-image is-style-default\">\n<figure class=\"aligncenter size-large is-resized\"><a href=\"https:\/\/www.larvf.com\/\" target=\"_blank\" rel=\"noreferrer noopener\"><img decoding=\"async\" loading=\"lazy\" src=\"http:\/\/lechaidescopains.com\/wp-content\/uploads\/2020\/01\/logo-revue-du-vin-de-france-RVF.jpg\" alt=\"\" class=\"wp-image-973\" style=\"width:362px;height:181px\" width=\"362\" height=\"181\" srcset=\"https:\/\/lechaidescopains.fr\/wp-content\/uploads\/2020\/01\/logo-revue-du-vin-de-france-RVF.jpg 800w, https:\/\/lechaidescopains.fr\/wp-content\/uploads\/2020\/01\/logo-revue-du-vin-de-france-RVF-300x150.jpg 300w, https:\/\/lechaidescopains.fr\/wp-content\/uploads\/2020\/01\/logo-revue-du-vin-de-france-RVF-768x384.jpg 768w, https:\/\/lechaidescopains.fr\/wp-content\/uploads\/2020\/01\/logo-revue-du-vin-de-france-RVF-540x270.jpg 540w\" sizes=\"(max-width: 362px) 100vw, 362px\" \/><\/a><\/figure><\/div>\n\n\n<p>Le Chai Des Copains figure comme \u00ab\u00a0Coup de C\u0153ur\u00a0\u00bb 2020 des cavistes de Vend\u00e9e dans Le Guide des Cavistes 2020 \u00e9dit\u00e9 par <a rel=\"noreferrer noopener\" aria-label=\"La Revue du Vin de France (opens in a new tab)\" href=\"https:\/\/www.larvf.com\/\" target=\"_blank\">La Revue du Vin de France<\/a>.<\/p>\n\n\n\n<figure class=\"wp-block-image size-large\"><img decoding=\"async\" loading=\"lazy\" width=\"1024\" height=\"973\" src=\"http:\/\/lechaidescopains.com\/wp-content\/uploads\/2020\/01\/20191028_104545-1024x973.jpg\" alt=\"Le chai des copains, guide des cavistes 2020\" class=\"wp-image-977\" srcset=\"https:\/\/lechaidescopains.fr\/wp-content\/uploads\/2020\/01\/20191028_104545-1024x973.jpg 1024w, https:\/\/lechaidescopains.fr\/wp-content\/uploads\/2020\/01\/20191028_104545-300x285.jpg 300w, https:\/\/lechaidescopains.fr\/wp-content\/uploads\/2020\/01\/20191028_104545-768x730.jpg 768w, https:\/\/lechaidescopains.fr\/wp-content\/uploads\/2020\/01\/20191028_104545-1536x1460.jpg 1536w, https:\/\/lechaidescopains.fr\/wp-content\/uploads\/2020\/01\/20191028_104545-284x270.jpg 284w, https:\/\/lechaidescopains.fr\/wp-content\/uploads\/2020\/01\/20191028_104545.jpg 1881w\" sizes=\"(max-width: 1024px) 100vw, 1024px\" \/><\/figure>\n","protected":false},"excerpt":{"rendered":"<p>Le Chai des Copains Depuis 8 ans, au quartier des demoiselles, le Chai des Copains vous accueille pour le plus grand plaisir de vos papilles. Philippe le ma\u00eetre de ce lieu intimiste a su cr\u00e9er une ambiance conviviale et chaleureuse. Venez d\u00e9couvrir la s\u00e9lection de vignerons qu\u2019il a choisi. En grand passionn\u00e9, il a \u00e0 c\u0153ur de vous la faire partager. Pour les gourmands et les curieux vous pourrez boire un verre de vin accompagn\u00e9 d\u2019une planche de charcuterie ou&#8230;<\/p>\n<p class=\"read-more\"><a class=\"btn btn-default\" href=\"https:\/\/lechaidescopains.fr\/\">Lire la suite<span class=\"screen-reader-text\"> Lire la suite<\/span><\/a><\/p>\n","protected":false},"author":2,"featured_media":0,"parent":0,"menu_order":0,"comment_status":"closed","ping_status":"closed","template":"","meta":{"footnotes":""},"_links":{"self":[{"href":"https:\/\/lechaidescopains.fr\/index.php\/wp-json\/wp\/v2\/pages\/630"}],"collection":[{"href":"https:\/\/lechaidescopains.fr\/index.php\/wp-json\/wp\/v2\/pages"}],"about":[{"href":"https:\/\/lechaidescopains.fr\/index.php\/wp-json\/wp\/v2\/types\/page"}],"author":[{"embeddable":true,"href":"https:\/\/lechaidescopains.fr\/index.php\/wp-json\/wp\/v2\/users\/2"}],"replies":[{"embeddable":true,"href":"https:\/\/lechaidescopains.fr\/index.php\/wp-json\/wp\/v2\/comments?post=630"}],"version-history":[{"count":22,"href":"https:\/\/lechaidescopains.fr\/index.php\/wp-json\/wp\/v2\/pages\/630\/revisions"}],"predecessor-version":[{"id":1040,"href":"https:\/\/lechaidescopains.fr\/index.php\/wp-json\/wp\/v2\/pages\/630\/revisions\/1040"}],"wp:attachment":[{"href":"https:\/\/lechaidescopains.fr\/index.php\/wp-json\/wp\/v2\/media?parent=630"}],"curies":[{"name":"wp","href":"https:\/\/api.w.org\/{rel}","templated":true}]}}