{"id":541,"date":"2017-04-03T13:26:39","date_gmt":"2017-04-03T13:26:39","guid":{"rendered":"http:\/\/dev.quid-pro-quo.fr\/?page_id=541"},"modified":"2020-09-07T17:27:29","modified_gmt":"2020-09-07T15:27:29","slug":"autres-regions","status":"publish","type":"page","link":"https:\/\/lechaidescopains.fr\/index.php\/autres-regions\/","title":{"rendered":"Autres R\u00e9gions"},"content":{"rendered":"<p style=\"text-align: center;\">Parmi les autres r\u00e9gions de France vous trouverez au Chai Des Copains une s\u00e9lection de vins bios, r\u00e9gionaux, natures et biodynamiques\u00a0:<\/p>\n<h2 style=\"text-align: center;\">Autres r\u00e9gions<\/h2>\n<p><img decoding=\"async\" loading=\"lazy\" class=\"size-medium wp-image-911 aligncenter\" src=\"http:\/\/lechaidescopains.com\/wp-content\/uploads\/2019\/07\/jean-luc-benazet-KxbCI2ka0tI-unsplash-300x200.jpg\" alt=\"\" width=\"300\" height=\"200\" srcset=\"https:\/\/lechaidescopains.fr\/wp-content\/uploads\/2019\/07\/jean-luc-benazet-KxbCI2ka0tI-unsplash-300x200.jpg 300w, https:\/\/lechaidescopains.fr\/wp-content\/uploads\/2019\/07\/jean-luc-benazet-KxbCI2ka0tI-unsplash-768x513.jpg 768w, https:\/\/lechaidescopains.fr\/wp-content\/uploads\/2019\/07\/jean-luc-benazet-KxbCI2ka0tI-unsplash-1024x684.jpg 1024w, https:\/\/lechaidescopains.fr\/wp-content\/uploads\/2019\/07\/jean-luc-benazet-KxbCI2ka0tI-unsplash-404x270.jpg 404w\" sizes=\"(max-width: 300px) 100vw, 300px\" \/><\/p>\n<p style=\"text-align: center;\"><span style=\"text-decoration: underline;\">Savoie\u00a0:<\/span><\/p>\n<p style=\"text-align: center;\"><a href=\"https:\/\/www.domainecurtet.fr\/\" target=\"_blank\" rel=\"noopener noreferrer\">Domaine Curtet<\/a><\/p>\n<p style=\"text-align: center;\"><a href=\"http:\/\/www.domaine-giachino.fr\/fr\/\" target=\"_blank\" rel=\"noopener noreferrer\">Domaine Giachino<\/a><\/p>\n<p style=\"text-align: center;\"><span style=\"text-decoration: underline;\">Forez\u00a0:<\/span><\/p>\n<p style=\"text-align: center;\"><a href=\"http:\/\/www.verdier-logel.com\/\" target=\"_blank\" rel=\"noopener noreferrer\">Verdier Logel<\/a><\/p>\n<p style=\"text-align: center;\"><span style=\"text-decoration: underline;\">Beaujolais\u00a0:<\/span><\/p>\n<p style=\"text-align: center;\">Domaine Lou y es-tu<\/p>\n<p style=\"text-align: center;\">Domaine Damien Coquelet<\/p>\n<p style=\"text-align: center;\"><a href=\"http:\/\/www.meegodard.com\/\" target=\"_blank\" rel=\"noopener noreferrer\">Domaine Mee Godard<\/a><\/p>\n<p style=\"text-align: center;\"><span style=\"text-decoration: underline;\">Macon\u00a0:<\/span><\/p>\n<p style=\"text-align: center;\"><a href=\"http:\/\/www.domaineguillemotmichel.net\/\" target=\"_blank\" rel=\"noopener noreferrer\">Domaine Guillemot-Michel<\/a><\/p>\n<p style=\"text-align: center;\"><a href=\"http:\/\/www.vins-nicolas-maillet.com\/\" target=\"_blank\" rel=\"noopener noreferrer\">Nicolas Maillet<\/a><\/p>\n<p style=\"text-align: center;\"><span style=\"text-decoration: underline;\">Bourgogne\u00a0:<\/span><\/p>\n<p style=\"text-align: center;\">Emmanuel Giboulot<\/p>\n<p style=\"text-align: center;\">Gilles Ballorin<\/p>\n<p style=\"text-align: center;\"><span style=\"text-decoration: underline;\">Vins de pays charentais :<\/span><\/p>\n<p style=\"text-align: center;\">Fran\u00e7ois Jobit<\/p>\n<p style=\"text-align: center;\"><span style=\"text-decoration: underline;\">Vins de la Meuse :<\/span><\/p>\n<p style=\"text-align: center;\"><a href=\"http:\/\/www.domainedemuzy.fr\/\">Domaine de Muzy<\/a><\/p>\n<p style=\"text-align: center;\"><span style=\"text-decoration: underline;\">Pouilly-Fuiss\u00e9 :<\/span><\/p>\n<p style=\"text-align: center;\">Ch\u00e2teau des Ront\u00eats<\/p>\n<p style=\"text-align: center;\"><span style=\"text-decoration: underline;\">Alsace :<\/span><\/p>\n<p style=\"text-align: center;\"><a href=\"http:\/\/www.domainecledesol.fr\/\" target=\"_blank\" rel=\"noopener noreferrer\">Domaine de la Cl\u00e9 de Sol<\/a><\/p>\n<h2><img decoding=\"async\" loading=\"lazy\" class=\"size-medium wp-image-933 aligncenter\" src=\"http:\/\/lechaidescopains.com\/wp-content\/uploads\/2019\/07\/anthony-delanoix-vmrCxMRdq58-unsplash-300x200.jpg\" alt=\"\" width=\"300\" height=\"200\" srcset=\"https:\/\/lechaidescopains.fr\/wp-content\/uploads\/2019\/07\/anthony-delanoix-vmrCxMRdq58-unsplash-300x200.jpg 300w, https:\/\/lechaidescopains.fr\/wp-content\/uploads\/2019\/07\/anthony-delanoix-vmrCxMRdq58-unsplash-768x512.jpg 768w, https:\/\/lechaidescopains.fr\/wp-content\/uploads\/2019\/07\/anthony-delanoix-vmrCxMRdq58-unsplash-1024x683.jpg 1024w, https:\/\/lechaidescopains.fr\/wp-content\/uploads\/2019\/07\/anthony-delanoix-vmrCxMRdq58-unsplash-405x270.jpg 405w\" sizes=\"(max-width: 300px) 100vw, 300px\" \/><\/h2>\n<h2 style=\"text-align: center;\">Champagne<\/h2>\n<p style=\"text-align: center;\">Marie Courtin<\/p>\n<p style=\"text-align: center;\"><a href=\"http:\/\/blogfranckpascal.over-blog.com\/\" target=\"_blank\" rel=\"noopener noreferrer\">Franck Pascal<\/a><\/p>\n<p style=\"text-align: center;\"><a href=\"http:\/\/www.piollot.fr\/\" target=\"_blank\" rel=\"noopener noreferrer\">Piollot<\/a><\/p>\n<p style=\"text-align: center;\"><a href=\"https:\/\/www.champagne-gimonnet.com\/\" target=\"_blank\" rel=\"noopener noreferrer\">Gimonnet<\/a><\/p>\n","protected":false},"excerpt":{"rendered":"<p>Parmi les autres r\u00e9gions de France vous trouverez au Chai Des Copains une s\u00e9lection de vins bios, r\u00e9gionaux, natures et biodynamiques\u00a0: Autres r\u00e9gions Savoie\u00a0: Domaine Curtet Domaine Giachino Forez\u00a0: Verdier Logel Beaujolais\u00a0: Domaine Lou y es-tu Domaine Damien Coquelet Domaine Mee Godard Macon\u00a0: Domaine Guillemot-Michel Nicolas Maillet Bourgogne\u00a0: Emmanuel Giboulot Gilles Ballorin Vins de pays charentais : Fran\u00e7ois Jobit Vins de la Meuse : Domaine de Muzy Pouilly-Fuiss\u00e9 : Ch\u00e2teau des Ront\u00eats Alsace : Domaine de la Cl\u00e9 de Sol&#8230;<\/p>\n<p class=\"read-more\"><a class=\"btn btn-default\" href=\"https:\/\/lechaidescopains.fr\/index.php\/autres-regions\/\">Lire la suite<span class=\"screen-reader-text\"> Lire la suite<\/span><\/a><\/p>\n","protected":false},"author":1,"featured_media":0,"parent":0,"menu_order":0,"comment_status":"closed","ping_status":"closed","template":"","meta":{"footnotes":""},"_links":{"self":[{"href":"https:\/\/lechaidescopains.fr\/index.php\/wp-json\/wp\/v2\/pages\/541"}],"collection":[{"href":"https:\/\/lechaidescopains.fr\/index.php\/wp-json\/wp\/v2\/pages"}],"about":[{"href":"https:\/\/lechaidescopains.fr\/index.php\/wp-json\/wp\/v2\/types\/page"}],"author":[{"embeddable":true,"href":"https:\/\/lechaidescopains.fr\/index.php\/wp-json\/wp\/v2\/users\/1"}],"replies":[{"embeddable":true,"href":"https:\/\/lechaidescopains.fr\/index.php\/wp-json\/wp\/v2\/comments?post=541"}],"version-history":[{"count":10,"href":"https:\/\/lechaidescopains.fr\/index.php\/wp-json\/wp\/v2\/pages\/541\/revisions"}],"predecessor-version":[{"id":1028,"href":"https:\/\/lechaidescopains.fr\/index.php\/wp-json\/wp\/v2\/pages\/541\/revisions\/1028"}],"wp:attachment":[{"href":"https:\/\/lechaidescopains.fr\/index.php\/wp-json\/wp\/v2\/media?parent=541"}],"curies":[{"name":"wp","href":"https:\/\/api.w.org\/{rel}","templated":true}]}}