{"id":539,"date":"2017-04-03T13:26:23","date_gmt":"2017-04-03T13:26:23","guid":{"rendered":"http:\/\/dev.quid-pro-quo.fr\/?page_id=539"},"modified":"2020-01-29T16:46:28","modified_gmt":"2020-01-29T15:46:28","slug":"sud-ouest-et-bordeaux","status":"publish","type":"page","link":"https:\/\/lechaidescopains.fr\/index.php\/sud-ouest-et-bordeaux\/","title":{"rendered":"Sud Ouest et Bordeaux"},"content":{"rendered":"<p style=\"text-align: center;\">Vous trouverez dans la cave une s\u00e9lection de vins bios, natures et biodynamiques\u00a0de la r\u00e9gion Sud Ouest et Bordeaux :<\/p>\n<h2 style=\"text-align: center;\">Bordeaux<\/h2>\n<p style=\"text-align: center;\">Ch\u00e2teau Lamery<\/p>\n<p style=\"text-align: center;\"><a href=\"http:\/\/closeriesdesmoussis.fr\/\" target=\"_blank\" rel=\"noopener noreferrer\">Closeries de Moussis<\/a><\/p>\n<p style=\"text-align: center;\"><a href=\"https:\/\/www.chastelet.com\/\" target=\"_blank\" rel=\"noopener noreferrer\">Ch\u00e2teau de Chastelet<\/a><\/p>\n<p style=\"text-align: center;\"><a href=\"http:\/\/www.lestroispetiotes.com\/\" target=\"_blank\" rel=\"noopener noreferrer\">C\u00f4tes de Bourg les 3 Petiotes<\/a><\/p>\n<p style=\"text-align: center;\"><a href=\"http:\/\/www.chateau-gombaude-guillot.fr\/accueil\" target=\"_blank\" rel=\"noopener noreferrer\">Pomerol, Gombaude Guillot<\/a><\/p>\n<h2><img decoding=\"async\" loading=\"lazy\" class=\"size-medium wp-image-918 aligncenter\" src=\"http:\/\/lechaidescopains.com\/wp-content\/uploads\/2019\/07\/photo-nic-co-uk-nic-3etN9PY6iNw-unsplash-200x300.jpg\" alt=\"\" width=\"200\" height=\"300\" srcset=\"https:\/\/lechaidescopains.fr\/wp-content\/uploads\/2019\/07\/photo-nic-co-uk-nic-3etN9PY6iNw-unsplash-200x300.jpg 200w, https:\/\/lechaidescopains.fr\/wp-content\/uploads\/2019\/07\/photo-nic-co-uk-nic-3etN9PY6iNw-unsplash-768x1152.jpg 768w, https:\/\/lechaidescopains.fr\/wp-content\/uploads\/2019\/07\/photo-nic-co-uk-nic-3etN9PY6iNw-unsplash-683x1024.jpg 683w, https:\/\/lechaidescopains.fr\/wp-content\/uploads\/2019\/07\/photo-nic-co-uk-nic-3etN9PY6iNw-unsplash-180x270.jpg 180w\" sizes=\"(max-width: 200px) 100vw, 200px\" \/><\/h2>\n<h2 style=\"text-align: center;\">Sud Ouest<\/h2>\n<p style=\"text-align: center;\">C\u00f4tes de Duras, Nadia Lusseau et Mouthes Le Bihan<\/p>\n<p style=\"text-align: center;\"><a href=\"http:\/\/www.cotes-du-marmandais.com\/\" target=\"_blank\" rel=\"noopener noreferrer\">C\u00f4tes de Marmandais<\/a>, Elian Da Ros<\/p>\n<p style=\"text-align: center;\">Vin de France, J\u00e9r\u00f4me Illouz<\/p>\n<p style=\"text-align: center;\">Dominique Andiran<\/p>\n<p style=\"text-align: center;\">Madiran, Domaine Labranche-Laffont<\/p>\n<p style=\"text-align: center;\">Jurancon, <a href=\"http:\/\/www.caminlarredya.fr\/\">Camin Larredya<\/a><\/p>\n<p style=\"text-align: center;\">Domaine des Trois Saules<\/p>\n<p style=\"text-align: center;\"><a href=\"https:\/\/joncblanc.fr\/\" target=\"_blank\" rel=\"noopener noreferrer\">Ch\u00e2teau Jonc-Blanc<\/a><\/p>\n","protected":false},"excerpt":{"rendered":"<p>Vous trouverez dans la cave une s\u00e9lection de vins bios, natures et biodynamiques\u00a0de la r\u00e9gion Sud Ouest et Bordeaux : Bordeaux Ch\u00e2teau Lamery Closeries de Moussis Ch\u00e2teau de Chastelet C\u00f4tes de Bourg les 3 Petiotes Pomerol, Gombaude Guillot Sud Ouest C\u00f4tes de Duras, Nadia Lusseau et Mouthes Le Bihan C\u00f4tes de Marmandais, Elian Da Ros Vin de France, J\u00e9r\u00f4me Illouz Dominique Andiran Madiran, Domaine Labranche-Laffont Jurancon, Camin Larredya Domaine des Trois Saules Ch\u00e2teau Jonc-Blanc<\/p>\n","protected":false},"author":1,"featured_media":0,"parent":0,"menu_order":0,"comment_status":"closed","ping_status":"closed","template":"","meta":{"footnotes":""},"_links":{"self":[{"href":"https:\/\/lechaidescopains.fr\/index.php\/wp-json\/wp\/v2\/pages\/539"}],"collection":[{"href":"https:\/\/lechaidescopains.fr\/index.php\/wp-json\/wp\/v2\/pages"}],"about":[{"href":"https:\/\/lechaidescopains.fr\/index.php\/wp-json\/wp\/v2\/types\/page"}],"author":[{"embeddable":true,"href":"https:\/\/lechaidescopains.fr\/index.php\/wp-json\/wp\/v2\/users\/1"}],"replies":[{"embeddable":true,"href":"https:\/\/lechaidescopains.fr\/index.php\/wp-json\/wp\/v2\/comments?post=539"}],"version-history":[{"count":7,"href":"https:\/\/lechaidescopains.fr\/index.php\/wp-json\/wp\/v2\/pages\/539\/revisions"}],"predecessor-version":[{"id":1004,"href":"https:\/\/lechaidescopains.fr\/index.php\/wp-json\/wp\/v2\/pages\/539\/revisions\/1004"}],"wp:attachment":[{"href":"https:\/\/lechaidescopains.fr\/index.php\/wp-json\/wp\/v2\/media?parent=539"}],"curies":[{"name":"wp","href":"https:\/\/api.w.org\/{rel}","templated":true}]}}