{"id":537,"date":"2017-04-03T13:26:03","date_gmt":"2017-04-03T13:26:03","guid":{"rendered":"http:\/\/dev.quid-pro-quo.fr\/?page_id=537"},"modified":"2020-09-07T17:26:48","modified_gmt":"2020-09-07T15:26:48","slug":"languedoc-roussillon","status":"publish","type":"page","link":"https:\/\/lechaidescopains.fr\/index.php\/languedoc-roussillon\/","title":{"rendered":"Languedoc Roussillon"},"content":{"rendered":"<p style=\"text-align: center;\">Vous trouverez dans la cave une s\u00e9lection de vins bios,\u00a0natures et biodynamiques\u00a0du Languedoc Roussillon :<\/p>\n<p style=\"text-align: center;\">\n<h2 style=\"text-align: center;\">Languedoc<\/h2>\n<p style=\"text-align: center;\"><a href=\"http:\/\/www.clovallon.fr\/\" target=\"_blank\" rel=\"noopener noreferrer\">Domaine de Clovallon, Mas d&rsquo;Alezon<\/a><\/p>\n<p style=\"text-align: center;\"><a href=\"https:\/\/www.leclosdesjarres.fr\/\" target=\"_blank\" rel=\"noopener noreferrer\">Le clos des jarres<\/a><\/p>\n<p style=\"text-align: center;\">Catherine Bernard<\/p>\n<p style=\"text-align: center;\"><a href=\"https:\/\/www.masdesagrunelles.com\/\" target=\"_blank\" rel=\"noopener noreferrer\">Mas des Agrunelles<\/a><\/p>\n<p style=\"text-align: center;\"><a href=\"http:\/\/www.bertrand-berge.com\/\" target=\"_blank\" rel=\"noopener noreferrer\">Bertrand Berg\u00e9<\/a><\/p>\n<p style=\"text-align: center;\"><a href=\"http:\/\/www.grandes-costes.com\/\">Domaine des Grandes Costes<\/a><\/p>\n<p style=\"text-align: center;\">Poivre d\u2019\u00c2ne<\/p>\n<p style=\"text-align: center;\">Lionel Maurel<\/p>\n<p style=\"text-align: center;\">Domaine Ledogar, Corbi\u00e8res<\/p>\n<p style=\"text-align: center;\"><a href=\"http:\/\/serrals.com\/\" target=\"_blank\" rel=\"noopener noreferrer\">Les Serrals<\/a>, Faug\u00e9res<\/p>\n<p style=\"text-align: center;\"><a href=\"http:\/\/lanouvelledonne.com\/\" target=\"_blank\" rel=\"noopener noreferrer\">La nouvelle do(n)ne<\/a><\/p>\n<p style=\"text-align: center;\"><img decoding=\"async\" loading=\"lazy\" class=\"size-medium wp-image-913 aligncenter\" src=\"http:\/\/lechaidescopains.com\/wp-content\/uploads\/2019\/07\/rodrigo-abreu-Cj4CWKQllOM-unsplash-300x200.jpg\" alt=\"\" width=\"300\" height=\"200\" srcset=\"https:\/\/lechaidescopains.fr\/wp-content\/uploads\/2019\/07\/rodrigo-abreu-Cj4CWKQllOM-unsplash-300x200.jpg 300w, https:\/\/lechaidescopains.fr\/wp-content\/uploads\/2019\/07\/rodrigo-abreu-Cj4CWKQllOM-unsplash-768x512.jpg 768w, https:\/\/lechaidescopains.fr\/wp-content\/uploads\/2019\/07\/rodrigo-abreu-Cj4CWKQllOM-unsplash-1024x683.jpg 1024w, https:\/\/lechaidescopains.fr\/wp-content\/uploads\/2019\/07\/rodrigo-abreu-Cj4CWKQllOM-unsplash-405x270.jpg 405w\" sizes=\"(max-width: 300px) 100vw, 300px\" \/><\/p>\n<p style=\"text-align: center;\">\n","protected":false},"excerpt":{"rendered":"<p>Vous trouverez dans la cave une s\u00e9lection de vins bios,\u00a0natures et biodynamiques\u00a0du Languedoc Roussillon : Languedoc Domaine de Clovallon, Mas d&rsquo;Alezon Le clos des jarres Catherine Bernard Mas des Agrunelles Bertrand Berg\u00e9 Domaine des Grandes Costes Poivre d\u2019\u00c2ne Lionel Maurel Domaine Ledogar, Corbi\u00e8res Les Serrals, Faug\u00e9res La nouvelle do(n)ne<\/p>\n","protected":false},"author":1,"featured_media":0,"parent":0,"menu_order":0,"comment_status":"closed","ping_status":"closed","template":"","meta":{"footnotes":""},"_links":{"self":[{"href":"https:\/\/lechaidescopains.fr\/index.php\/wp-json\/wp\/v2\/pages\/537"}],"collection":[{"href":"https:\/\/lechaidescopains.fr\/index.php\/wp-json\/wp\/v2\/pages"}],"about":[{"href":"https:\/\/lechaidescopains.fr\/index.php\/wp-json\/wp\/v2\/types\/page"}],"author":[{"embeddable":true,"href":"https:\/\/lechaidescopains.fr\/index.php\/wp-json\/wp\/v2\/users\/1"}],"replies":[{"embeddable":true,"href":"https:\/\/lechaidescopains.fr\/index.php\/wp-json\/wp\/v2\/comments?post=537"}],"version-history":[{"count":15,"href":"https:\/\/lechaidescopains.fr\/index.php\/wp-json\/wp\/v2\/pages\/537\/revisions"}],"predecessor-version":[{"id":1027,"href":"https:\/\/lechaidescopains.fr\/index.php\/wp-json\/wp\/v2\/pages\/537\/revisions\/1027"}],"wp:attachment":[{"href":"https:\/\/lechaidescopains.fr\/index.php\/wp-json\/wp\/v2\/media?parent=537"}],"curies":[{"name":"wp","href":"https:\/\/api.w.org\/{rel}","templated":true}]}}