{"id":535,"date":"2017-04-03T13:25:43","date_gmt":"2017-04-03T13:25:43","guid":{"rendered":"http:\/\/dev.quid-pro-quo.fr\/?page_id=535"},"modified":"2020-09-07T17:21:30","modified_gmt":"2020-09-07T15:21:30","slug":"vallee-du-rhone","status":"publish","type":"page","link":"https:\/\/lechaidescopains.fr\/index.php\/vallee-du-rhone\/","title":{"rendered":"Vall\u00e9e du Rh\u00f4ne"},"content":{"rendered":"<p style=\"text-align: center;\">Vous trouverez dans la cave une s\u00e9lection de vins bios,\u00a0natures et biodynamiques\u00a0de la Vall\u00e9e du Rh\u00f4ne :<\/p>\n<p style=\"text-align: center;\"><img decoding=\"async\" loading=\"lazy\" class=\"size-medium wp-image-914 aligncenter\" src=\"http:\/\/lechaidescopains.com\/wp-content\/uploads\/2019\/07\/samuel-zeller-piR6qwg11Fo-unsplash-300x200.jpg\" alt=\"\" width=\"300\" height=\"200\" srcset=\"https:\/\/lechaidescopains.fr\/wp-content\/uploads\/2019\/07\/samuel-zeller-piR6qwg11Fo-unsplash-300x200.jpg 300w, https:\/\/lechaidescopains.fr\/wp-content\/uploads\/2019\/07\/samuel-zeller-piR6qwg11Fo-unsplash-768x512.jpg 768w, https:\/\/lechaidescopains.fr\/wp-content\/uploads\/2019\/07\/samuel-zeller-piR6qwg11Fo-unsplash-1024x683.jpg 1024w, https:\/\/lechaidescopains.fr\/wp-content\/uploads\/2019\/07\/samuel-zeller-piR6qwg11Fo-unsplash-405x270.jpg 405w\" sizes=\"(max-width: 300px) 100vw, 300px\" \/><\/p>\n<p style=\"text-align: center;\"><a href=\"https:\/\/www.juliencecillon.com\/\" target=\"_blank\" rel=\"noopener noreferrer\">Julien C\u00e9cillon<\/a><\/p>\n<p style=\"text-align: center;\"><a href=\"http:\/\/www.domainelesbruyeres.fr\/front\/index.php\" target=\"_blank\" rel=\"noopener noreferrer\">Domaine des Bruy\u00e8res<\/a><\/p>\n<p style=\"text-align: center;\">Olivier B<\/p>\n<p style=\"text-align: center;\"><a href=\"http:\/\/www.montirius.com\/\" target=\"_blank\" rel=\"noopener noreferrer\">Montirius<\/a><\/p>\n<p style=\"text-align: center;\"><a href=\"http:\/\/www.eric-texier.com\/\" target=\"_blank\" rel=\"noopener noreferrer\">Eric Texier<\/a><\/p>\n<p style=\"text-align: center;\"><a href=\"http:\/\/www.lapequelette.fr\/topic\/index.html\" target=\"_blank\" rel=\"noopener noreferrer\">Domaine La P\u00e9quelette<\/a><\/p>\n<p style=\"text-align: center;\"><a href=\"http:\/\/www.domaine-saladin.com\/\" target=\"_blank\" rel=\"noopener noreferrer\">Domaine Saladin<\/a><\/p>\n","protected":false},"excerpt":{"rendered":"<p>Vous trouverez dans la cave une s\u00e9lection de vins bios,\u00a0natures et biodynamiques\u00a0de la Vall\u00e9e du Rh\u00f4ne : Julien C\u00e9cillon Domaine des Bruy\u00e8res Olivier B Montirius Eric Texier Domaine La P\u00e9quelette Domaine Saladin<\/p>\n","protected":false},"author":1,"featured_media":0,"parent":0,"menu_order":0,"comment_status":"closed","ping_status":"closed","template":"","meta":{"footnotes":""},"_links":{"self":[{"href":"https:\/\/lechaidescopains.fr\/index.php\/wp-json\/wp\/v2\/pages\/535"}],"collection":[{"href":"https:\/\/lechaidescopains.fr\/index.php\/wp-json\/wp\/v2\/pages"}],"about":[{"href":"https:\/\/lechaidescopains.fr\/index.php\/wp-json\/wp\/v2\/types\/page"}],"author":[{"embeddable":true,"href":"https:\/\/lechaidescopains.fr\/index.php\/wp-json\/wp\/v2\/users\/1"}],"replies":[{"embeddable":true,"href":"https:\/\/lechaidescopains.fr\/index.php\/wp-json\/wp\/v2\/comments?post=535"}],"version-history":[{"count":10,"href":"https:\/\/lechaidescopains.fr\/index.php\/wp-json\/wp\/v2\/pages\/535\/revisions"}],"predecessor-version":[{"id":1021,"href":"https:\/\/lechaidescopains.fr\/index.php\/wp-json\/wp\/v2\/pages\/535\/revisions\/1021"}],"wp:attachment":[{"href":"https:\/\/lechaidescopains.fr\/index.php\/wp-json\/wp\/v2\/media?parent=535"}],"curies":[{"name":"wp","href":"https:\/\/api.w.org\/{rel}","templated":true}]}}