{"id":532,"date":"2017-04-03T13:22:45","date_gmt":"2017-04-03T13:22:45","guid":{"rendered":"http:\/\/dev.quid-pro-quo.fr\/?page_id=532"},"modified":"2025-06-17T20:05:10","modified_gmt":"2025-06-17T18:05:10","slug":"val-de-loire","status":"publish","type":"page","link":"https:\/\/lechaidescopains.fr\/index.php\/val-de-loire\/","title":{"rendered":"Val de Loire"},"content":{"rendered":"<p style=\"text-align: center;\">Vous trouverez dans la cave une s\u00e9lection de vins bios,\u00a0natures et biodynamiques\u00a0du Val de Loire\u00a0:<\/p>\n<h1 style=\"text-align: left;\"><\/h1>\n<h2 style=\"text-align: center;\">Muscadet<\/h2>\n<p style=\"text-align: center;\">Domaine de la P\u00e9pi\u00e8re<\/p>\n<p style=\"text-align: center;\">Apolline et Julien Braud<\/p>\n<p style=\"text-align: center;\">Domaine de la S\u00e9n\u00e9chali\u00e8re (Marc Pesnot)<\/p>\n<p style=\"text-align: center;\">Vignoble Malidain<\/p>\n<p style=\"text-align: center;\">Eric Chevalier (C\u00f4tes de Grandlieu)<\/p>\n<p style=\"text-align: center;\">Josselin Bouet<\/p>\n<p style=\"text-align: center;\">Domaine des Cognettes<\/p>\n<p style=\"text-align: center;\">Domaine de la Louveterie<\/p>\n<h2 style=\"text-align: center;\"><img decoding=\"async\" loading=\"lazy\" class=\"size-medium wp-image-915 aligncenter\" src=\"http:\/\/lechaidescopains.com\/wp-content\/uploads\/2019\/07\/maja-petric-vGQ49l9I4EE-unsplash-300x200.jpg\" alt=\"\" width=\"300\" height=\"200\" srcset=\"https:\/\/lechaidescopains.fr\/wp-content\/uploads\/2019\/07\/maja-petric-vGQ49l9I4EE-unsplash-300x200.jpg 300w, https:\/\/lechaidescopains.fr\/wp-content\/uploads\/2019\/07\/maja-petric-vGQ49l9I4EE-unsplash-768x512.jpg 768w, https:\/\/lechaidescopains.fr\/wp-content\/uploads\/2019\/07\/maja-petric-vGQ49l9I4EE-unsplash-1024x683.jpg 1024w, https:\/\/lechaidescopains.fr\/wp-content\/uploads\/2019\/07\/maja-petric-vGQ49l9I4EE-unsplash-405x270.jpg 405w\" sizes=\"(max-width: 300px) 100vw, 300px\" \/><\/h2>\n<h2 style=\"text-align: center;\">Val de Loire<\/h2>\n<p style=\"text-align: center;\">Bruno Galbrun. Bourgueil<\/p>\n<p style=\"text-align: center;\">Laurent Herlin. Bourgueil<\/p>\n<p style=\"text-align: center;\">Pascal Lambert. Chinon<\/p>\n<p style=\"text-align: center;\">Philippe Alliet. Chinon<\/p>\n<p style=\"text-align: center;\">Antoine Sanzay. Saumur Champigny<\/p>\n<p style=\"text-align: center;\">Le Pas St Martin. Laurent Charrier. Anjou-Saumur<\/p>\n<p style=\"text-align: center;\">Domaine de la Cotelleraie. G\u00e9rard Vall\u00e9e. St-Nicolas de Bourgueil<\/p>\n<p style=\"text-align: center;\">Clos Naudin. Philippe Foreau. Vouvray<\/p>\n<p style=\"text-align: center;\">Pascal Desroches. Reuilly<\/p>\n<p style=\"text-align: center;\">Verdier-Logel. C\u00f4tes du Forez<\/p>\n<p style=\"text-align: center;\">Touraine, La Piffaudi\u00e8re<\/p>\n<h2>L&rsquo;<\/h2>\n<h2 style=\"text-align: center;\">Vend\u00e9e<\/h2>\n<p style=\"text-align: center;\"><a href=\"https:\/\/ericsage.wixsite.com\/website\">Eric Sage (Brem)<\/a><\/p>\n<p style=\"text-align: center;\">Vignoble Fagot<\/p>\n<p style=\"text-align: center;\">L&rsquo;Or\u00e9e de Sabia<\/p>\n<p style=\"text-align: center;\"><a href=\"http:\/\/domainedelabarbiniere.jimdo.com\/\" target=\"_blank\" rel=\"noopener noreferrer\">Domaine de la Barbini\u00e9re, <\/a>Philippe Orion<\/p>\n<p style=\"text-align: center;\"><a href=\"http:\/\/www.domainedesjumeaux.com\/\" target=\"_blank\" rel=\"noopener noreferrer\">Domaine des Jumeaux, <\/a>Jean Marc Tard<\/p>\n<p style=\"text-align: center;\"><a href=\"http:\/\/www.prieure-la-chaume.com\/\" target=\"_blank\" rel=\"noopener noreferrer\">Prieur\u00e9 La Chaume<\/a><\/p>\n","protected":false},"excerpt":{"rendered":"<p>Vous trouverez dans la cave une s\u00e9lection de vins bios,\u00a0natures et biodynamiques\u00a0du Val de Loire\u00a0: Muscadet Domaine de la P\u00e9pi\u00e8re Apolline et Julien Braud Domaine de la S\u00e9n\u00e9chali\u00e8re (Marc Pesnot) Vignoble Malidain Eric Chevalier (C\u00f4tes de Grandlieu) Josselin Bouet Domaine des Cognettes Domaine de la Louveterie Val de Loire Bruno Galbrun. Bourgueil Laurent Herlin. Bourgueil Pascal Lambert. Chinon Philippe Alliet. Chinon Antoine Sanzay. Saumur Champigny Le Pas St Martin. Laurent Charrier. Anjou-Saumur Domaine de la Cotelleraie. G\u00e9rard Vall\u00e9e. St-Nicolas de&#8230;<\/p>\n<p class=\"read-more\"><a class=\"btn btn-default\" href=\"https:\/\/lechaidescopains.fr\/index.php\/val-de-loire\/\">Lire la suite<span class=\"screen-reader-text\"> Lire la suite<\/span><\/a><\/p>\n","protected":false},"author":1,"featured_media":0,"parent":0,"menu_order":0,"comment_status":"closed","ping_status":"closed","template":"","meta":{"footnotes":""},"_links":{"self":[{"href":"https:\/\/lechaidescopains.fr\/index.php\/wp-json\/wp\/v2\/pages\/532"}],"collection":[{"href":"https:\/\/lechaidescopains.fr\/index.php\/wp-json\/wp\/v2\/pages"}],"about":[{"href":"https:\/\/lechaidescopains.fr\/index.php\/wp-json\/wp\/v2\/types\/page"}],"author":[{"embeddable":true,"href":"https:\/\/lechaidescopains.fr\/index.php\/wp-json\/wp\/v2\/users\/1"}],"replies":[{"embeddable":true,"href":"https:\/\/lechaidescopains.fr\/index.php\/wp-json\/wp\/v2\/comments?post=532"}],"version-history":[{"count":33,"href":"https:\/\/lechaidescopains.fr\/index.php\/wp-json\/wp\/v2\/pages\/532\/revisions"}],"predecessor-version":[{"id":1050,"href":"https:\/\/lechaidescopains.fr\/index.php\/wp-json\/wp\/v2\/pages\/532\/revisions\/1050"}],"wp:attachment":[{"href":"https:\/\/lechaidescopains.fr\/index.php\/wp-json\/wp\/v2\/media?parent=532"}],"curies":[{"name":"wp","href":"https:\/\/api.w.org\/{rel}","templated":true}]}}