{"id":274,"date":"2016-11-08T16:33:05","date_gmt":"2016-11-08T15:33:05","guid":{"rendered":"http:\/\/chaidescopains.com\/?page_id=274"},"modified":"2019-07-29T13:13:38","modified_gmt":"2019-07-29T11:13:38","slug":"cadeaux-dentreprise","status":"publish","type":"page","link":"https:\/\/lechaidescopains.fr\/index.php\/cadeaux-dentreprise\/","title":{"rendered":"Cadeaux d&rsquo;Entreprise"},"content":{"rendered":"<h1>Cadeaux D&rsquo;entreprise<\/h1>\n<p style=\"text-align: justify;\">Pour f\u00eater\u00a0No\u00ebl et la fin de l&rsquo;ann\u00e9e, pour vos cadeaux d&rsquo;entreprise, pour une op\u00e9ration promotion ou pour fid\u00e9liser vos clients le Chai des Copains vous propose une s\u00e9lection de bouteilles, magnums ou coffrets d\u00e9gustations.\u00a0Le Chai des Copains vous propose \u00e9galement la livraison jusqu&rsquo;\u00e0 50 km autour de Saint Jean de Monts.<\/p>\n<p style=\"text-align: justify;\">Pour plus d&rsquo;informations n&rsquo;h\u00e9sitez pas \u00e0 contacter <a href=\"http:\/\/lechaidescopains.com\/index.php\/le-copain\/\">Philippe<\/a> au 06.16.48.43.30 ou en utilisant le formulaire ci-dessous :<\/p>\n\n\n<div class=\"wpforms-container wpforms-container-full\" id=\"wpforms-866\"><form id=\"wpforms-form-866\" class=\"wpforms-validate wpforms-form\" data-formid=\"866\" method=\"post\" enctype=\"multipart\/form-data\" action=\"\/index.php\/wp-json\/wp\/v2\/pages\/274\" data-token=\"c6bd02855bdbb4e5baeaa9d4bee87834\" data-token-time=\"1775543808\"><noscript class=\"wpforms-error-noscript\">Veuillez activer JavaScript dans votre navigateur pour remplir ce formulaire.<\/noscript><div class=\"wpforms-field-container\"><div id=\"wpforms-866-field_0-container\" class=\"wpforms-field wpforms-field-name\" data-field-id=\"0\"><label class=\"wpforms-field-label\">Nom <span class=\"wpforms-required-label\">*<\/span><\/label><div class=\"wpforms-field-row wpforms-field-medium\"><div class=\"wpforms-field-row-block wpforms-first wpforms-one-half\"><input type=\"text\" id=\"wpforms-866-field_0\" class=\"wpforms-field-name-first wpforms-field-required\" name=\"wpforms[fields][0][first]\" required><label for=\"wpforms-866-field_0\" class=\"wpforms-field-sublabel after\">Pr\u00e9nom<\/label><\/div><div class=\"wpforms-field-row-block wpforms-one-half\"><input type=\"text\" id=\"wpforms-866-field_0-last\" class=\"wpforms-field-name-last wpforms-field-required\" name=\"wpforms[fields][0][last]\" required><label for=\"wpforms-866-field_0-last\" class=\"wpforms-field-sublabel after\">Nom<\/label><\/div><\/div><\/div><div id=\"wpforms-866-field_1-container\" class=\"wpforms-field wpforms-field-email\" data-field-id=\"1\"><label class=\"wpforms-field-label\" for=\"wpforms-866-field_1\">E-mail <span class=\"wpforms-required-label\">*<\/span><\/label><input type=\"email\" id=\"wpforms-866-field_1\" class=\"wpforms-field-medium wpforms-field-required\" name=\"wpforms[fields][1]\" spellcheck=\"false\" required><\/div><div id=\"wpforms-866-field_2-container\" class=\"wpforms-field wpforms-field-textarea\" data-field-id=\"2\"><label class=\"wpforms-field-label\" for=\"wpforms-866-field_2\">Commentaire ou message <span class=\"wpforms-required-label\">*<\/span><\/label><textarea id=\"wpforms-866-field_2\" class=\"wpforms-field-medium wpforms-field-required\" name=\"wpforms[fields][2]\" required><\/textarea><\/div><\/div><!-- .wpforms-field-container --><div class=\"wpforms-field wpforms-field-hp\"><label for=\"wpforms-866-field-hp\" class=\"wpforms-field-label\">Website<\/label><input type=\"text\" name=\"wpforms[hp]\" id=\"wpforms-866-field-hp\" class=\"wpforms-field-medium\"><\/div><div class=\"wpforms-submit-container\" ><input type=\"hidden\" name=\"wpforms[id]\" value=\"866\"><input type=\"hidden\" name=\"page_title\" value=\"\"><input type=\"hidden\" name=\"page_url\" value=\"https:\/\/lechaidescopains.fr\/index.php\/wp-json\/wp\/v2\/pages\/274\"><input type=\"hidden\" name=\"url_referer\" value=\"\"><button type=\"submit\" name=\"wpforms[submit]\" id=\"wpforms-submit-866\" class=\"wpforms-submit\" data-alt-text=\"Envoi...\" data-submit-text=\"Envoyer\" aria-live=\"assertive\" value=\"wpforms-submit\">Envoyer<\/button><\/div><\/form><\/div>  <!-- .wpforms-container -->\n\n\n\n<p><\/p>\n","protected":false},"excerpt":{"rendered":"<p>Cadeaux D&rsquo;entreprise Pour f\u00eater\u00a0No\u00ebl et la fin de l&rsquo;ann\u00e9e, pour vos cadeaux d&rsquo;entreprise, pour une op\u00e9ration promotion ou pour fid\u00e9liser vos clients le Chai des Copains vous propose une s\u00e9lection de bouteilles, magnums ou coffrets d\u00e9gustations.\u00a0Le Chai des Copains vous propose \u00e9galement la livraison jusqu&rsquo;\u00e0 50 km autour de Saint Jean de Monts. Pour plus d&rsquo;informations n&rsquo;h\u00e9sitez pas \u00e0 contacter Philippe au 06.16.48.43.30 ou en utilisant le formulaire ci-dessous :<\/p>\n","protected":false},"author":2,"featured_media":0,"parent":0,"menu_order":0,"comment_status":"closed","ping_status":"closed","template":"","meta":{"footnotes":""},"_links":{"self":[{"href":"https:\/\/lechaidescopains.fr\/index.php\/wp-json\/wp\/v2\/pages\/274"}],"collection":[{"href":"https:\/\/lechaidescopains.fr\/index.php\/wp-json\/wp\/v2\/pages"}],"about":[{"href":"https:\/\/lechaidescopains.fr\/index.php\/wp-json\/wp\/v2\/types\/page"}],"author":[{"embeddable":true,"href":"https:\/\/lechaidescopains.fr\/index.php\/wp-json\/wp\/v2\/users\/2"}],"replies":[{"embeddable":true,"href":"https:\/\/lechaidescopains.fr\/index.php\/wp-json\/wp\/v2\/comments?post=274"}],"version-history":[{"count":5,"href":"https:\/\/lechaidescopains.fr\/index.php\/wp-json\/wp\/v2\/pages\/274\/revisions"}],"predecessor-version":[{"id":870,"href":"https:\/\/lechaidescopains.fr\/index.php\/wp-json\/wp\/v2\/pages\/274\/revisions\/870"}],"wp:attachment":[{"href":"https:\/\/lechaidescopains.fr\/index.php\/wp-json\/wp\/v2\/media?parent=274"}],"curies":[{"name":"wp","href":"https:\/\/api.w.org\/{rel}","templated":true}]}}