{"id":123,"date":"2016-05-13T12:23:46","date_gmt":"2016-05-13T11:23:46","guid":{"rendered":"http:\/\/chaidescopains.com\/?page_id=66"},"modified":"2020-05-23T16:19:41","modified_gmt":"2020-05-23T14:19:41","slug":"le-copain","status":"publish","type":"page","link":"https:\/\/lechaidescopains.fr\/index.php\/le-copain\/","title":{"rendered":"Le Copain"},"content":{"rendered":"<p style=\"text-align: justify;\">Philippe est heureux de vous accueillir au Chai Des Copains \u00e0 Saint Jean de Monts. Passionn\u00e9 et pr\u00e9sident du Club Oenophile Montois depuis 20 ans, cet ancien restaurateur saura vous guider pour vos accords mets et vins.<\/p>\n<p style=\"text-align: justify;\">Propri\u00e9taire d\u2019un des premiers Bar \u00e0 Vin-Restaurant-Cave en Vend\u00e9e, r\u00e9guli\u00e8rement cit\u00e9 dans les guides (Guide du Routard, Tronche de vin), il s\u00e9lectionne pour vous les vins qu&rsquo;il aime. Dans un lieu intimiste, Philippe sera heureux de vous faire partager sa passion pour les vins \u2018Propres\u2019.<\/p>\n<p style=\"text-align: justify;\">Rendez vous au Chai Des Copains o\u00f9 Philippe aura toujours pour vous une bouteille ou une histoire \u00e0 partager.<\/p>\n<p><img decoding=\"async\" loading=\"lazy\" class=\"size-medium wp-image-922 aligncenter\" src=\"http:\/\/lechaidescopains.com\/wp-content\/uploads\/2019\/07\/kelsey-knight-udj2tD3WKsY-unsplash-300x200.jpg\" alt=\"\" width=\"300\" height=\"200\" srcset=\"https:\/\/lechaidescopains.fr\/wp-content\/uploads\/2019\/07\/kelsey-knight-udj2tD3WKsY-unsplash-300x200.jpg 300w, https:\/\/lechaidescopains.fr\/wp-content\/uploads\/2019\/07\/kelsey-knight-udj2tD3WKsY-unsplash-768x512.jpg 768w, https:\/\/lechaidescopains.fr\/wp-content\/uploads\/2019\/07\/kelsey-knight-udj2tD3WKsY-unsplash-1024x683.jpg 1024w, https:\/\/lechaidescopains.fr\/wp-content\/uploads\/2019\/07\/kelsey-knight-udj2tD3WKsY-unsplash-405x270.jpg 405w\" sizes=\"(max-width: 300px) 100vw, 300px\" \/><\/p>\n<p>Une question ? Une suggestion ? un commentaire ? N\u2019h\u00e9sitez pas \u00e0 contacter Philippe en utilisant le formulaire ci dessous.<\/p>\n\n\n<div class=\"wpforms-container wpforms-container-full\" id=\"wpforms-866\"><form id=\"wpforms-form-866\" class=\"wpforms-validate wpforms-form\" data-formid=\"866\" method=\"post\" enctype=\"multipart\/form-data\" action=\"\/index.php\/wp-json\/wp\/v2\/pages\/123\" data-token=\"c6bd02855bdbb4e5baeaa9d4bee87834\" data-token-time=\"1775542893\"><noscript class=\"wpforms-error-noscript\">Veuillez activer JavaScript dans votre navigateur pour remplir ce formulaire.<\/noscript><div class=\"wpforms-field-container\"><div id=\"wpforms-866-field_0-container\" class=\"wpforms-field wpforms-field-name\" data-field-id=\"0\"><label class=\"wpforms-field-label\">Nom <span class=\"wpforms-required-label\">*<\/span><\/label><div class=\"wpforms-field-row wpforms-field-medium\"><div class=\"wpforms-field-row-block wpforms-first wpforms-one-half\"><input type=\"text\" id=\"wpforms-866-field_0\" class=\"wpforms-field-name-first wpforms-field-required\" name=\"wpforms[fields][0][first]\" required><label for=\"wpforms-866-field_0\" class=\"wpforms-field-sublabel after\">Pr\u00e9nom<\/label><\/div><div class=\"wpforms-field-row-block wpforms-one-half\"><input type=\"text\" id=\"wpforms-866-field_0-last\" class=\"wpforms-field-name-last wpforms-field-required\" name=\"wpforms[fields][0][last]\" required><label for=\"wpforms-866-field_0-last\" class=\"wpforms-field-sublabel after\">Nom<\/label><\/div><\/div><\/div><div id=\"wpforms-866-field_1-container\" class=\"wpforms-field wpforms-field-email\" data-field-id=\"1\"><label class=\"wpforms-field-label\" for=\"wpforms-866-field_1\">E-mail <span class=\"wpforms-required-label\">*<\/span><\/label><input type=\"email\" id=\"wpforms-866-field_1\" class=\"wpforms-field-medium wpforms-field-required\" name=\"wpforms[fields][1]\" spellcheck=\"false\" required><\/div><div id=\"wpforms-866-field_2-container\" class=\"wpforms-field wpforms-field-textarea\" data-field-id=\"2\"><label class=\"wpforms-field-label\" for=\"wpforms-866-field_2\">Commentaire ou message <span class=\"wpforms-required-label\">*<\/span><\/label><textarea id=\"wpforms-866-field_2\" class=\"wpforms-field-medium wpforms-field-required\" name=\"wpforms[fields][2]\" required><\/textarea><\/div><\/div><!-- .wpforms-field-container --><div class=\"wpforms-field wpforms-field-hp\"><label for=\"wpforms-866-field-hp\" class=\"wpforms-field-label\">Comment<\/label><input type=\"text\" name=\"wpforms[hp]\" id=\"wpforms-866-field-hp\" class=\"wpforms-field-medium\"><\/div><div class=\"wpforms-submit-container\" ><input type=\"hidden\" name=\"wpforms[id]\" value=\"866\"><input type=\"hidden\" name=\"page_title\" value=\"\"><input type=\"hidden\" name=\"page_url\" value=\"https:\/\/lechaidescopains.fr\/index.php\/wp-json\/wp\/v2\/pages\/123\"><input type=\"hidden\" name=\"url_referer\" value=\"\"><button type=\"submit\" name=\"wpforms[submit]\" id=\"wpforms-submit-866\" class=\"wpforms-submit\" data-alt-text=\"Envoi...\" data-submit-text=\"Envoyer\" aria-live=\"assertive\" value=\"wpforms-submit\">Envoyer<\/button><\/div><\/form><\/div>  <!-- .wpforms-container -->\n","protected":false},"excerpt":{"rendered":"<p>Philippe est heureux de vous accueillir au Chai Des Copains \u00e0 Saint Jean de Monts. Passionn\u00e9 et pr\u00e9sident du Club Oenophile Montois depuis 20 ans, cet ancien restaurateur saura vous guider pour vos accords mets et vins. Propri\u00e9taire d\u2019un des premiers Bar \u00e0 Vin-Restaurant-Cave en Vend\u00e9e, r\u00e9guli\u00e8rement cit\u00e9 dans les guides (Guide du Routard, Tronche de vin), il s\u00e9lectionne pour vous les vins qu&rsquo;il aime. Dans un lieu intimiste, Philippe sera heureux de vous faire partager sa passion pour les&#8230;<\/p>\n<p class=\"read-more\"><a class=\"btn btn-default\" href=\"https:\/\/lechaidescopains.fr\/index.php\/le-copain\/\">Lire la suite<span class=\"screen-reader-text\"> Lire la suite<\/span><\/a><\/p>\n","protected":false},"author":2,"featured_media":0,"parent":0,"menu_order":0,"comment_status":"closed","ping_status":"closed","template":"","meta":{"footnotes":""},"_links":{"self":[{"href":"https:\/\/lechaidescopains.fr\/index.php\/wp-json\/wp\/v2\/pages\/123"}],"collection":[{"href":"https:\/\/lechaidescopains.fr\/index.php\/wp-json\/wp\/v2\/pages"}],"about":[{"href":"https:\/\/lechaidescopains.fr\/index.php\/wp-json\/wp\/v2\/types\/page"}],"author":[{"embeddable":true,"href":"https:\/\/lechaidescopains.fr\/index.php\/wp-json\/wp\/v2\/users\/2"}],"replies":[{"embeddable":true,"href":"https:\/\/lechaidescopains.fr\/index.php\/wp-json\/wp\/v2\/comments?post=123"}],"version-history":[{"count":9,"href":"https:\/\/lechaidescopains.fr\/index.php\/wp-json\/wp\/v2\/pages\/123\/revisions"}],"predecessor-version":[{"id":1012,"href":"https:\/\/lechaidescopains.fr\/index.php\/wp-json\/wp\/v2\/pages\/123\/revisions\/1012"}],"wp:attachment":[{"href":"https:\/\/lechaidescopains.fr\/index.php\/wp-json\/wp\/v2\/media?parent=123"}],"curies":[{"name":"wp","href":"https:\/\/api.w.org\/{rel}","templated":true}]}}